{"id":1421,"date":"2026-03-22T13:26:39","date_gmt":"2026-03-22T13:26:39","guid":{"rendered":"https:\/\/dgtl-planet.com\/?page_id=1421"},"modified":"2026-03-22T13:27:34","modified_gmt":"2026-03-22T13:27:34","slug":"flixiptv-uygulamasi","status":"publish","type":"page","link":"https:\/\/dgtl-planet.com\/tr\/flixiptv-uygulamasi\/","title":{"rendered":"flixiptv uygulamas\u0131"},"content":{"rendered":"<div data-elementor-type=\"wp-page\" data-elementor-id=\"1421\" class=\"elementor elementor-1421\" data-elementor-post-type=\"page\">\n\t\t\t\t<div class=\"elementor-element elementor-element-39a1a89 e-flex e-con-boxed e-con e-parent\" data-id=\"39a1a89\" data-element_type=\"container\" data-e-type=\"container\">\n\t\t\t\t\t<div class=\"e-con-inner\">\n\t\t\t\t<div class=\"elementor-element elementor-element-41bff00 elementor-widget elementor-widget-text-editor\" data-id=\"41bff00\" data-element_type=\"widget\" data-e-type=\"widget\" data-widget_type=\"text-editor.default\">\n\t\t\t\t\t\t\t\t\t<h2 data-path-to-node=\"0\">\ud83d\udcfa Ak\u0131ll\u0131 TV'de Flix IPTV Nas\u0131l Kurulur (Samsung, LG, Android)<\/h2><p data-path-to-node=\"1\">Flix IPTV, h\u0131zl\u0131 aray\u00fcz\u00fc ve y\u00fcksek kaliteli yay\u0131n ak\u0131\u015f\u0131 nedeniyle Ak\u0131ll\u0131 TV'ler i\u00e7in en \u00fcst d\u00fczey uygulamalardan biridir. TV'nize dakikalar i\u00e7inde kurmak i\u00e7in bu ad\u0131mlar\u0131 izleyin! \ud83d\ude80<\/p><hr data-path-to-node=\"2\" \/><h3 data-path-to-node=\"3\">\ud83d\udce5 Ad\u0131m 1: Uygulamay\u0131 Y\u00fckleyin<\/h3><ol start=\"1\" data-path-to-node=\"4\"><li><p data-path-to-node=\"4,0,0\">A\u00e7\u0131n <b data-path-to-node=\"4,0,0\" data-index-in-node=\"9\">App Store<\/b> Smart TV'nizde (Samsung Hub, LG Content Store veya Google Play Store). \ud83d\udd0d<\/p><\/li><li><p data-path-to-node=\"4,1,0\">Aramak i\u00e7in <b data-path-to-node=\"4,1,0\" data-index-in-node=\"11\">\u201cFlix IPTV\u201d<\/b>.<\/p><\/li><li><p data-path-to-node=\"4,2,0\">Uygulamay\u0131 indirin ve y\u00fckleyin. \ud83d\udce5<\/p><\/li><li><p data-path-to-node=\"4,3,0\">Uygulamay\u0131 a\u00e7t\u0131\u011f\u0131n\u0131zda a\u015fa\u011f\u0131dakileri g\u00f6receksiniz <b data-path-to-node=\"4,3,0\" data-index-in-node=\"36\">MAC Adresi<\/b> ekranda (\u00f6rn, <code data-path-to-node=\"4,3,0\" data-index-in-node=\"69\">00:bb:44:aa:22:11<\/code>). \ud83c\udd94<\/p><\/li><\/ol><hr data-path-to-node=\"5\" \/><h3 data-path-to-node=\"6\">\ud83c\udf10 Ad\u0131m 2: \u00c7alma Listenizi Y\u00fckleyin<\/h3><p data-path-to-node=\"7\">Di\u011fer uygulamalar\u0131n aksine, Flix IPTV oynatma listenizi telefonunuzdaki veya bilgisayar\u0131n\u0131zdaki resmi web sitesi arac\u0131l\u0131\u011f\u0131yla y\u00f6netirsiniz.<\/p><ol start=\"1\" data-path-to-node=\"8\"><li><p data-path-to-node=\"8,0,0\">Flix IPTV aktivasyon sayfas\u0131na gidin: <b data-path-to-node=\"8,0,0\" data-index-in-node=\"37\"><a class=\"ng-star-inserted\" target=\"_blank\" rel=\"noopener\" data-hveid=\"0\" data-ved=\"0CAAQ_4QMahgKEwjwscr5tLOTAxUAAAAAHQAAAAAQ5AE\">https:\/\/flixiptv.eu\/mylist<\/a><\/b> \ud83d\udd17<\/p><\/li><li><p data-path-to-node=\"8,1,0\">Adresinizi girin <b data-path-to-node=\"8,1,0\" data-index-in-node=\"11\">MAC Adresi<\/b> ilk alanda.<\/p><\/li><li><p data-path-to-node=\"8,2,0\">\u0130\u00e7inde <b data-path-to-node=\"8,2,0\" data-index-in-node=\"7\">URL<\/b> alan\u0131na <b data-path-to-node=\"8,2,0\" data-index-in-node=\"28\">M3U Ba\u011flant\u0131s\u0131<\/b> bizim taraf\u0131m\u0131zdan sa\u011flanm\u0131\u015ft\u0131r. \ud83d\udd87\ufe0f<\/p><\/li><li><p data-path-to-node=\"8,3,0\">T\u0131klay\u0131n <b data-path-to-node=\"8,3,0\" data-index-in-node=\"6\">\u201cG\u00f6nder\u201d<\/b> veya <b data-path-to-node=\"8,3,0\" data-index-in-node=\"16\">\u201cKaydet\u201d<\/b>. \ud83d\udcbe<\/p><\/li><\/ol><hr data-path-to-node=\"9\" \/><h3 data-path-to-node=\"10\">\ud83d\udd04 Ad\u0131m 3: TV'nizi Yenileyin<\/h3><ol start=\"1\" data-path-to-node=\"11\"><li><p data-path-to-node=\"11,0,0\">Smart TV'nize geri d\u00f6n\u00fcn. \ud83d\udcfa<\/p><\/li><li><p data-path-to-node=\"11,1,0\">Flix IPTV uygulamas\u0131n\u0131 yeniden ba\u015flat\u0131n veya <b data-path-to-node=\"11,1,0\" data-index-in-node=\"36\">\u201cYenile\u201d<\/b> ana men\u00fcden.<\/p><\/li><li><p data-path-to-node=\"11,2,0\">Kategorileriniz (Canl\u0131 TV, Filmler, Diziler) an\u0131nda g\u00f6r\u00fcnecektir. \ud83c\udfac\ud83c\udf7f<\/p><\/li><\/ol><hr data-path-to-node=\"12\" \/><h3 data-path-to-node=\"13\">\ud83d\udca1 \u00d6nemli Profesyonel \u0130pu\u00e7lar\u0131:<\/h3><ul data-path-to-node=\"14\"><li><p data-path-to-node=\"14,0,0\"><b data-path-to-node=\"14,0,0\" data-index-in-node=\"0\">Bir Haftal\u0131k Deneme:<\/b> Flix IPTV genellikle bir <b data-path-to-node=\"14,0,0\" data-index-in-node=\"43\">7 g\u00fcnl\u00fck \u00fccretsiz deneme<\/b>. Deneme s\u00fcresi sona erdikten sonra, web sitelerinden tek seferlik k\u00fc\u00e7\u00fck bir \u00fccret kar\u015f\u0131l\u0131\u011f\u0131nda etkinle\u015ftirmeniz gerekecektir (<code data-path-to-node=\"14,0,0\" data-index-in-node=\"153\">flixiptv.eu\/aktivasyon<\/code>) kullanmaya devam etmek i\u00e7in. \ud83d\udd11<\/p><\/li><li><p data-path-to-node=\"14,1,0\"><b data-path-to-node=\"14,1,0\" data-index-in-node=\"0\">Altyaz\u0131 Ayarlar\u0131:<\/b> Altyaz\u0131lar\u0131n\u0131z\u0131n boyutunu, rengini ve arka plan\u0131n\u0131 do\u011frudan uygulaman\u0131n <b data-path-to-node=\"14,1,0\" data-index-in-node=\"106\">Ayarlar<\/b> Men\u00fc. \u2699\ufe0f<\/p><\/li><li><p data-path-to-node=\"14,2,0\"><b data-path-to-node=\"14,2,0\" data-index-in-node=\"0\">Dilleri De\u011fi\u015ftirin:<\/b> Bir filmde birden fazla ses par\u00e7as\u0131 varsa, sadece <b data-path-to-node=\"14,2,0\" data-index-in-node=\"71\">\u201cTAMAM\u201d<\/b> Tercih etti\u011finiz dili se\u00e7mek i\u00e7in video oynat\u0131l\u0131rken d\u00fc\u011fmesine bas\u0131n! \ud83c\udf0d<\/p><\/li><\/ul>\t\t\t\t\t\t\t\t<\/div>\n\t\t\t\t\t<\/div>\n\t\t\t\t<\/div>\n\t\t<div class=\"elementor-element elementor-element-d229aba e-flex e-con-boxed e-con e-parent\" data-id=\"d229aba\" data-element_type=\"container\" data-e-type=\"container\">\n\t\t\t\t\t<div class=\"e-con-inner\">\n\t\t\t\t<div class=\"elementor-element elementor-element-3674045 elementor-widget elementor-widget-text-editor\" data-id=\"3674045\" data-element_type=\"widget\" data-e-type=\"widget\" data-widget_type=\"text-editor.default\">\n\t\t\t\t\t\t\t\t\t<h1><strong><a href=\"https:\/\/wa.me\/447307725244\">BURAYA TIKLAYIN<\/a>\u00a0YARDIMA IHTIYACINIZ VARSA!<\/strong><\/h1>\t\t\t\t\t\t\t\t<\/div>\n\t\t\t\t\t<\/div>\n\t\t\t\t<\/div>\n\t\t\t\t<\/div>","protected":false},"excerpt":{"rendered":"<p>\ud83d\udcfa How to Set Up Flix IPTV on Smart TV (Samsung, LG, Android) Flix IPTV is a top-tier app for [&hellip;]<\/p>\n","protected":false},"author":1,"featured_media":0,"parent":0,"menu_order":0,"comment_status":"closed","ping_status":"closed","template":"","meta":{"site-sidebar-layout":"no-sidebar","site-content-layout":"","ast-site-content-layout":"full-width-container","site-content-style":"default","site-sidebar-style":"default","ast-global-header-display":"","ast-banner-title-visibility":"","ast-main-header-display":"","ast-hfb-above-header-display":"","ast-hfb-below-header-display":"","ast-hfb-mobile-header-display":"","site-post-title":"disabled","ast-breadcrumbs-content":"","ast-featured-img":"disabled","footer-sml-layout":"","ast-disable-related-posts":"","theme-transparent-header-meta":"","adv-header-id-meta":"","stick-header-meta":"","header-above-stick-meta":"","header-main-stick-meta":"","header-below-stick-meta":"","astra-migrate-meta-layouts":"default","ast-page-background-enabled":"default","ast-page-background-meta":{"desktop":{"background-color":"var(--ast-global-color-5)","background-image":"","background-repeat":"repeat","background-position":"center center","background-size":"auto","background-attachment":"scroll","background-type":"","background-media":"","overlay-type":"","overlay-color":"","overlay-opacity":"","overlay-gradient":""},"tablet":{"background-color":"","background-image":"","background-repeat":"repeat","background-position":"center center","background-size":"auto","background-attachment":"scroll","background-type":"","background-media":"","overlay-type":"","overlay-color":"","overlay-opacity":"","overlay-gradient":""},"mobile":{"background-color":"","background-image":"","background-repeat":"repeat","background-position":"center center","background-size":"auto","background-attachment":"scroll","background-type":"","background-media":"","overlay-type":"","overlay-color":"","overlay-opacity":"","overlay-gradient":""}},"ast-content-background-meta":{"desktop":{"background-color":"var(--ast-global-color-4)","background-image":"","background-repeat":"repeat","background-position":"center center","background-size":"auto","background-attachment":"scroll","background-type":"","background-media":"","overlay-type":"","overlay-color":"","overlay-opacity":"","overlay-gradient":""},"tablet":{"background-color":"var(--ast-global-color-4)","background-image":"","background-repeat":"repeat","background-position":"center center","background-size":"auto","background-attachment":"scroll","background-type":"","background-media":"","overlay-type":"","overlay-color":"","overlay-opacity":"","overlay-gradient":""},"mobile":{"background-color":"var(--ast-global-color-4)","background-image":"","background-repeat":"repeat","background-position":"center center","background-size":"auto","background-attachment":"scroll","background-type":"","background-media":"","overlay-type":"","overlay-color":"","overlay-opacity":"","overlay-gradient":""}},"footnotes":""},"class_list":["post-1421","page","type-page","status-publish","hentry"],"jetpack_sharing_enabled":true,"_links":{"self":[{"href":"https:\/\/dgtl-planet.com\/tr\/wp-json\/wp\/v2\/pages\/1421","targetHints":{"allow":["GET"]}}],"collection":[{"href":"https:\/\/dgtl-planet.com\/tr\/wp-json\/wp\/v2\/pages"}],"about":[{"href":"https:\/\/dgtl-planet.com\/tr\/wp-json\/wp\/v2\/types\/page"}],"author":[{"embeddable":true,"href":"https:\/\/dgtl-planet.com\/tr\/wp-json\/wp\/v2\/users\/1"}],"replies":[{"embeddable":true,"href":"https:\/\/dgtl-planet.com\/tr\/wp-json\/wp\/v2\/comments?post=1421"}],"version-history":[{"count":5,"href":"https:\/\/dgtl-planet.com\/tr\/wp-json\/wp\/v2\/pages\/1421\/revisions"}],"predecessor-version":[{"id":1426,"href":"https:\/\/dgtl-planet.com\/tr\/wp-json\/wp\/v2\/pages\/1421\/revisions\/1426"}],"wp:attachment":[{"href":"https:\/\/dgtl-planet.com\/tr\/wp-json\/wp\/v2\/media?parent=1421"}],"curies":[{"name":"wp","href":"https:\/\/api.w.org\/{rel}","templated":true}]}}