{"id":1407,"date":"2026-03-22T13:22:38","date_gmt":"2026-03-22T13:22:38","guid":{"rendered":"https:\/\/dgtl-planet.com\/?page_id=1407"},"modified":"2026-03-22T13:24:00","modified_gmt":"2026-03-22T13:24:00","slug":"magbox","status":"publish","type":"page","link":"https:\/\/dgtl-planet.com\/tr\/magbox\/","title":{"rendered":"magbox"},"content":{"rendered":"<div data-elementor-type=\"wp-page\" data-elementor-id=\"1407\" class=\"elementor elementor-1407\" data-elementor-post-type=\"page\">\n\t\t\t\t<div class=\"elementor-element elementor-element-4c4d496 e-flex e-con-boxed e-con e-parent\" data-id=\"4c4d496\" data-element_type=\"container\" data-e-type=\"container\">\n\t\t\t\t\t<div class=\"e-con-inner\">\n\t\t\t\t<div class=\"elementor-element elementor-element-3cd9433 elementor-widget elementor-widget-text-editor\" data-id=\"3cd9433\" data-element_type=\"widget\" data-e-type=\"widget\" data-widget_type=\"text-editor.default\">\n\t\t\t\t\t\t\t\t\t<h2 data-path-to-node=\"0\">\ud83d\udcfa MAG Box'ta IPTV Kurulumu Nas\u0131l Yap\u0131l\u0131r (T\u00fcm Modeller)<\/h2><p data-path-to-node=\"1\">MAG Box'\u0131n\u0131z\u0131 (250, 254, 322, 420, vb.) kurmak, ger\u00e7ek bir \u201ckablolu TV\u201d deneyimi ya\u015faman\u0131n en iyi yoludur. Cihaz\u0131n\u0131z\u0131 sunucular\u0131m\u0131za ba\u011flamak i\u00e7in bu ad\u0131mlar\u0131 izleyin! \ud83d\ude80<\/p><hr data-path-to-node=\"2\" \/><h3 data-path-to-node=\"3\">\u2699\ufe0f Ad\u0131m 1: MAC Adresinizi Bulun<\/h3><p data-path-to-node=\"4\">Ba\u015flamadan \u00f6nce, hizmetinizi etkinle\u015ftirmek i\u00e7in cihaz\u0131n\u0131z\u0131n benzersiz tan\u0131mlay\u0131c\u0131s\u0131na ihtiyac\u0131m\u0131z var.<\/p><ol start=\"1\" data-path-to-node=\"5\"><li><p data-path-to-node=\"5,0,0\">MAG Kutunuzu a\u00e7\u0131n. \ud83d\udd0c<\/p><\/li><li><p data-path-to-node=\"5,1,0\">\u015euna bak. <b data-path-to-node=\"5,1,0\" data-index-in-node=\"12\">cihaz\u0131n alt k\u0131sm\u0131<\/b> bir \u00e7\u0131kartma i\u00e7in. \ud83c\udff7\ufe0f<\/p><\/li><li><p data-path-to-node=\"5,2,0\">Bulmak <b data-path-to-node=\"5,2,0\" data-index-in-node=\"9\">MAC Adresi<\/b> (\u015eununla ba\u015flar <code data-path-to-node=\"5,2,0\" data-index-in-node=\"37\">00:1A:79:XX:XX:XX<\/code>).<\/p><\/li><li><p data-path-to-node=\"5,3,0\"><b data-path-to-node=\"5,3,0\" data-index-in-node=\"0\">Bu MAC Adresini bize g\u00f6nderin<\/b> b\u00f6ylece cihaz\u0131n\u0131z\u0131 sunucumuzda yetkilendirebiliriz! \u2705<\/p><\/li><\/ol><hr data-path-to-node=\"6\" \/><h3 data-path-to-node=\"7\">\ud83d\udee0\ufe0f Ad\u0131m 2: Portal Ayarlar\u0131n\u0131 Yap\u0131land\u0131rma<\/h3><p data-path-to-node=\"8\">MAC adresinizin etkin oldu\u011funu onaylad\u0131ktan sonra, TV'nizde a\u015fa\u011f\u0131daki ad\u0131mlar\u0131 izleyin:<\/p><ol start=\"1\" data-path-to-node=\"9\"><li><p data-path-to-node=\"9,0,0\">\u015euraya git <b data-path-to-node=\"9,0,0\" data-index-in-node=\"10\">\u0130\u00e7 Portal<\/b> (Ana ayarlar ekran\u0131). Kutu \u201cSayfa Hatas\u0131\u201d y\u00fcklemeye ba\u015flarsa, d\u00fc\u011fmesine bas\u0131n. <b data-path-to-node=\"9,0,0\" data-index-in-node=\"103\">SET<\/b> veya <b data-path-to-node=\"9,0,0\" data-index-in-node=\"110\">MEN\u00dc<\/b> d\u00fc\u011fmesine bas\u0131n. \ud83d\uddb1\ufe0f<\/p><\/li><li><p data-path-to-node=\"9,1,0\">Se\u00e7iniz <b data-path-to-node=\"9,1,0\" data-index-in-node=\"7\">Ayarlar<\/b> \u2699\ufe0f adresine gidin ve ard\u0131ndan <b data-path-to-node=\"9,1,0\" data-index-in-node=\"34\">Sistem Ayarlar\u0131<\/b>.<\/p><\/li><li><p data-path-to-node=\"9,2,0\">Se\u00e7in <b data-path-to-node=\"9,2,0\" data-index-in-node=\"7\">Sunucular<\/b>. \ud83d\udda5\ufe0f<\/p><\/li><li><p data-path-to-node=\"9,3,0\">Se\u00e7iniz <b data-path-to-node=\"9,3,0\" data-index-in-node=\"7\">Portallar<\/b>. \ud83c\udf10<\/p><\/li><li><p data-path-to-node=\"9,4,0\">\u0130\u00e7inde <b data-path-to-node=\"9,4,0\" data-index-in-node=\"7\">Portal 1 Ad\u0131<\/b> alan\u0131na yaz\u0131n: <code data-path-to-node=\"9,4,0\" data-index-in-node=\"34\">8K IPTV<\/code> (ya da istedi\u011finiz herhangi bir isim).<\/p><\/li><li><p data-path-to-node=\"9,5,0\">\u0130\u00e7inde <b data-path-to-node=\"9,5,0\" data-index-in-node=\"7\">Portal 1 URL'si<\/b> alan\u0131na sa\u011flad\u0131\u011f\u0131m\u0131z ba\u011flant\u0131y\u0131 girin:<\/p><blockquote data-path-to-node=\"9,5,1\"><p data-path-to-node=\"9,5,1,0\"><b data-path-to-node=\"9,5,1,0\" data-index-in-node=\"0\"><a class=\"ng-star-inserted\" href=\"https:\/\/www.google.com\/search?q=http:\/\/mag.best-ott.me\/c\/\" target=\"_blank\" rel=\"noopener\" data-hveid=\"0\" data-ved=\"0CAAQ_4QMahgKEwjwscr5tLOTAxUAAAAAHQAAAAAQxAE\">http:\/\/mag.best-ott.me\/c\/<\/a><\/b> \ud83d\udd17<\/p><\/blockquote><\/li><li><p data-path-to-node=\"9,6,0\">Tu\u015funa bas\u0131n <b data-path-to-node=\"9,6,0\" data-index-in-node=\"10\">TAMAM.<\/b> kaydetmek i\u00e7in uzaktan kumandan\u0131zdaki d\u00fc\u011fmesine bas\u0131n. \ud83d\udcbe<\/p><\/li><\/ol><hr data-path-to-node=\"10\" \/><h3 data-path-to-node=\"11\">\ud83d\udd04 Ad\u0131m 3: Yeniden Ba\u015flat ve Y\u00fckle<\/h3><ol start=\"1\" data-path-to-node=\"12\"><li><p data-path-to-node=\"12,0,0\">Geri d\u00f6n <b data-path-to-node=\"12,0,0\" data-index-in-node=\"11\">Sistem Ayarlar\u0131<\/b>.<\/p><\/li><li><p data-path-to-node=\"12,1,0\">Se\u00e7iniz <b data-path-to-node=\"12,1,0\" data-index-in-node=\"7\">Portal\u0131 Yeniden Ba\u015flat<\/b>. \ud83d\udd04<\/p><\/li><li><p data-path-to-node=\"12,2,0\">Kutu \u015fimdi yeniden ba\u015flat\u0131lacak ve kanallar\u0131m\u0131z\u0131, filmlerimizi ve dizilerimizi y\u00fcklemeye ba\u015flayacak! \ud83c\udfac\ud83c\udf7f<\/p><\/li><\/ol><hr data-path-to-node=\"13\" \/><h3 data-path-to-node=\"14\">\ud83d\udca1 Sorun Giderme \u0130pu\u00e7lar\u0131:<\/h3><ul data-path-to-node=\"15\"><li><p data-path-to-node=\"15,0,0\"><b data-path-to-node=\"15,0,0\" data-index-in-node=\"0\">\u201cKimlik Do\u011frulama Ba\u015far\u0131s\u0131z\u201d:<\/b> Bize do\u011fru MAC adresini g\u00f6nderdi\u011finizi ve Portal URL'sinde herhangi bir yaz\u0131m hatas\u0131 olmad\u0131\u011f\u0131n\u0131 iki kez kontrol edin. \ud83d\udd11<\/p><\/li><li><p data-path-to-node=\"15,1,0\"><b data-path-to-node=\"15,1,0\" data-index-in-node=\"0\">\u201cSayfa Y\u00fckleme Hatas\u0131\u201d:<\/b> Ethernet kablonuzun veya Wi-Fi ba\u011flant\u0131n\u0131z\u0131n internete d\u00fczg\u00fcn bir \u015fekilde ba\u011fl\u0131 oldu\u011fundan emin olun. \ud83c\udf10<\/p><\/li><li><p data-path-to-node=\"15,2,0\"><b data-path-to-node=\"15,2,0\" data-index-in-node=\"0\">Tamponlama:<\/b> Her zaman bir <b data-path-to-node=\"15,2,0\" data-index-in-node=\"39\">LAN\/Ethernet kablosu<\/b> en istikrarl\u0131 8K ak\u0131\u015f deneyimi i\u00e7in. \u26a1<\/p><\/li><\/ul>\t\t\t\t\t\t\t\t<\/div>\n\t\t\t\t\t<\/div>\n\t\t\t\t<\/div>\n\t\t<div class=\"elementor-element elementor-element-5b0c6c8 e-flex e-con-boxed e-con e-parent\" data-id=\"5b0c6c8\" data-element_type=\"container\" data-e-type=\"container\">\n\t\t\t\t\t<div class=\"e-con-inner\">\n\t\t\t\t<div class=\"elementor-element elementor-element-63fd945 elementor-widget elementor-widget-text-editor\" data-id=\"63fd945\" data-element_type=\"widget\" data-e-type=\"widget\" data-widget_type=\"text-editor.default\">\n\t\t\t\t\t\t\t\t\t<h1><strong><a href=\"https:\/\/wa.me\/447307725244\">BURAYA TIKLAYIN<\/a>\u00a0YARDIMA IHTIYACINIZ VARSA!<\/strong><\/h1>\t\t\t\t\t\t\t\t<\/div>\n\t\t\t\t\t<\/div>\n\t\t\t\t<\/div>\n\t\t\t\t<\/div>","protected":false},"excerpt":{"rendered":"<p>\ud83d\udcfa How to Set Up IPTV on MAG Box (All Models) Setting up your MAG Box (250, 254, 322, 420, [&hellip;]<\/p>\n","protected":false},"author":1,"featured_media":0,"parent":0,"menu_order":0,"comment_status":"closed","ping_status":"closed","template":"","meta":{"site-sidebar-layout":"no-sidebar","site-content-layout":"","ast-site-content-layout":"full-width-container","site-content-style":"default","site-sidebar-style":"default","ast-global-header-display":"","ast-banner-title-visibility":"","ast-main-header-display":"","ast-hfb-above-header-display":"","ast-hfb-below-header-display":"","ast-hfb-mobile-header-display":"","site-post-title":"disabled","ast-breadcrumbs-content":"","ast-featured-img":"disabled","footer-sml-layout":"","ast-disable-related-posts":"","theme-transparent-header-meta":"","adv-header-id-meta":"","stick-header-meta":"","header-above-stick-meta":"","header-main-stick-meta":"","header-below-stick-meta":"","astra-migrate-meta-layouts":"default","ast-page-background-enabled":"default","ast-page-background-meta":{"desktop":{"background-color":"var(--ast-global-color-5)","background-image":"","background-repeat":"repeat","background-position":"center center","background-size":"auto","background-attachment":"scroll","background-type":"","background-media":"","overlay-type":"","overlay-color":"","overlay-opacity":"","overlay-gradient":""},"tablet":{"background-color":"","background-image":"","background-repeat":"repeat","background-position":"center center","background-size":"auto","background-attachment":"scroll","background-type":"","background-media":"","overlay-type":"","overlay-color":"","overlay-opacity":"","overlay-gradient":""},"mobile":{"background-color":"","background-image":"","background-repeat":"repeat","background-position":"center center","background-size":"auto","background-attachment":"scroll","background-type":"","background-media":"","overlay-type":"","overlay-color":"","overlay-opacity":"","overlay-gradient":""}},"ast-content-background-meta":{"desktop":{"background-color":"var(--ast-global-color-4)","background-image":"","background-repeat":"repeat","background-position":"center center","background-size":"auto","background-attachment":"scroll","background-type":"","background-media":"","overlay-type":"","overlay-color":"","overlay-opacity":"","overlay-gradient":""},"tablet":{"background-color":"var(--ast-global-color-4)","background-image":"","background-repeat":"repeat","background-position":"center center","background-size":"auto","background-attachment":"scroll","background-type":"","background-media":"","overlay-type":"","overlay-color":"","overlay-opacity":"","overlay-gradient":""},"mobile":{"background-color":"var(--ast-global-color-4)","background-image":"","background-repeat":"repeat","background-position":"center center","background-size":"auto","background-attachment":"scroll","background-type":"","background-media":"","overlay-type":"","overlay-color":"","overlay-opacity":"","overlay-gradient":""}},"footnotes":""},"class_list":["post-1407","page","type-page","status-publish","hentry"],"jetpack_sharing_enabled":true,"_links":{"self":[{"href":"https:\/\/dgtl-planet.com\/tr\/wp-json\/wp\/v2\/pages\/1407","targetHints":{"allow":["GET"]}}],"collection":[{"href":"https:\/\/dgtl-planet.com\/tr\/wp-json\/wp\/v2\/pages"}],"about":[{"href":"https:\/\/dgtl-planet.com\/tr\/wp-json\/wp\/v2\/types\/page"}],"author":[{"embeddable":true,"href":"https:\/\/dgtl-planet.com\/tr\/wp-json\/wp\/v2\/users\/1"}],"replies":[{"embeddable":true,"href":"https:\/\/dgtl-planet.com\/tr\/wp-json\/wp\/v2\/comments?post=1407"}],"version-history":[{"count":7,"href":"https:\/\/dgtl-planet.com\/tr\/wp-json\/wp\/v2\/pages\/1407\/revisions"}],"predecessor-version":[{"id":1414,"href":"https:\/\/dgtl-planet.com\/tr\/wp-json\/wp\/v2\/pages\/1407\/revisions\/1414"}],"wp:attachment":[{"href":"https:\/\/dgtl-planet.com\/tr\/wp-json\/wp\/v2\/media?parent=1407"}],"curies":[{"name":"wp","href":"https:\/\/api.w.org\/{rel}","templated":true}]}}