{"id":1402,"date":"2026-03-22T13:20:54","date_gmt":"2026-03-22T13:20:54","guid":{"rendered":"https:\/\/dgtl-planet.com\/?page_id=1402"},"modified":"2026-03-22T13:22:19","modified_gmt":"2026-03-22T13:22:19","slug":"android-cihazlar","status":"publish","type":"page","link":"https:\/\/dgtl-planet.com\/tr\/android-cihazlar\/","title":{"rendered":"android cihazlar"},"content":{"rendered":"<div data-elementor-type=\"wp-page\" data-elementor-id=\"1402\" class=\"elementor elementor-1402\" data-elementor-post-type=\"page\">\n\t\t\t\t<div class=\"elementor-element elementor-element-9971595 e-flex e-con-boxed e-con e-parent\" data-id=\"9971595\" data-element_type=\"container\" data-e-type=\"container\">\n\t\t\t\t\t<div class=\"e-con-inner\">\n\t\t\t\t<div class=\"elementor-element elementor-element-d76cfd2 elementor-widget elementor-widget-text-editor\" data-id=\"d76cfd2\" data-element_type=\"widget\" data-e-type=\"widget\" data-widget_type=\"text-editor.default\">\n\t\t\t\t\t\t\t\t\t<h2 data-path-to-node=\"0\">\ud83d\udcf1 Android Cihazlara IBO Player Nas\u0131l Kurulur<\/h2><p data-path-to-node=\"1\"><span class=\"citation-3 citation-end-3\">IBO Player, yay\u0131n ak\u0131\u015f\u0131 i\u00e7in en iyi ve en kullan\u0131c\u0131 dostu uygulamalardan biridir.<\/span> Android Telefonunuzda, Tabletinizde veya TV Kutunuzda \u00e7al\u0131\u015ft\u0131rmak i\u00e7in bu basit ad\u0131mlar\u0131 izleyin! \ud83d\ude80<\/p><div class=\"source-inline-chip-container ng-star-inserted\">\u00a0<\/div><hr data-path-to-node=\"2\" \/><h3 data-path-to-node=\"3\">\ud83d\udce5 Ad\u0131m 1: \u0130ndirin ve Kurun<\/h3><p data-path-to-node=\"4\">IBO Player premium bir uygulama oldu\u011fundan, en kararl\u0131 s\u00fcr\u00fcm i\u00e7in genellikle resmi APK'y\u0131 indirmek en iyisidir.<\/p><ol start=\"1\" data-path-to-node=\"5\"><li><p data-path-to-node=\"5,0,0\"><b data-path-to-node=\"5,0,0\" data-index-in-node=\"0\">Taray\u0131c\u0131n\u0131z\u0131 a\u00e7\u0131n<\/b> Android cihaz\u0131n\u0131zda (Chrome veya Brave). \ud83c\udf10<\/p><\/li><li><p data-path-to-node=\"5,1,0\">Resmi indirme ba\u011flant\u0131s\u0131na gidin: <b data-path-to-node=\"5,1,0\" data-index-in-node=\"34\"><a class=\"ng-star-inserted\" href=\"https:\/\/www.google.com\/search?q=https:\/\/iboplayer.com\/ibo.apk\" target=\"_blank\" rel=\"noopener\" data-hveid=\"0\" data-ved=\"0CAAQ_4QMahgKEwjwscr5tLOTAxUAAAAAHQAAAAAQrAE\">https:\/\/iboplayer.com\/ibo.apk<\/a><\/b> \ud83d\udd17<\/p><\/li><li><p data-path-to-node=\"5,2,0\">\u0130ndirme i\u015flemi tamamland\u0131ktan sonra <b data-path-to-node=\"5,2,0\" data-index-in-node=\"37\">Kurulum<\/b>. \ud83d\uddb1\ufe0f<\/p><ul data-path-to-node=\"5,2,1\"><li><p data-path-to-node=\"5,2,1,0,0\"><i data-path-to-node=\"5,2,1,0,0\" data-index-in-node=\"0\">Not: Telefonunuz \u201cBilinmeyen Kaynaklardan Y\u00fckle\u201d se\u00e7ene\u011finin engellendi\u011fini s\u00f6yl\u00fcyorsa, Ayarlar'a gidin ve taray\u0131c\u0131n\u0131z\u0131n uygulama y\u00fcklemesine izin verin.<\/i> \u2705<\/p><\/li><\/ul><\/li><\/ol><hr data-path-to-node=\"6\" \/><h3 data-path-to-node=\"7\">\ud83d\udd11 Ad\u0131m 2: Cihaz Bilgilerinizi Al\u0131n<\/h3><p data-path-to-node=\"8\"><span class=\"citation-2 citation-end-2\">Uygulama y\u00fcklendikten sonra a\u00e7\u0131n.<\/span> Ana ekranda iki \u00f6nemli bilgi g\u00f6receksiniz:<\/p><div class=\"source-inline-chip-container ng-star-inserted\">\u00a0<\/div><ul data-path-to-node=\"9\"><li><p data-path-to-node=\"9,0,0\"><b data-path-to-node=\"9,0,0\" data-index-in-node=\"0\">Cihaz Kimli\u011fi<\/b> (G\u00f6r\u00fcn\u00fc\u015fe g\u00f6re: <code data-path-to-node=\"9,0,0\" data-index-in-node=\"23\">00:1A:79:XX:XX:XX<\/code>) \ud83c\udd94<\/p><\/li><li><p data-path-to-node=\"9,1,0\"><b data-path-to-node=\"9,1,0\" data-index-in-node=\"0\">Cihaz Anahtar\u0131<\/b> (6 haneli bir kod) \ud83d\udd11<\/p><\/li><\/ul><blockquote data-path-to-node=\"10\"><p data-path-to-node=\"10,0\"><b data-path-to-node=\"10,0\" data-index-in-node=\"0\">\ud83d\udcf8 \u0130pucu:<\/b> Bu ekran\u0131n bir foto\u011fraf\u0131n\u0131 \u00e7ekin veya bu numaralar\u0131 not edin! \u00c7alma listenizi y\u00fcklemek i\u00e7in bunlara ihtiyac\u0131n\u0131z olacak.<\/p><\/blockquote><hr data-path-to-node=\"11\" \/><h3 data-path-to-node=\"12\">\ud83c\udf10 3. Ad\u0131m: \u00c7alma Listenizi Etkinle\u015ftirin<\/h3><p data-path-to-node=\"13\">\u015eimdi IPTV aboneli\u011finizi uygulamaya ba\u011flaman\u0131z gerekiyor:<\/p><ol start=\"1\" data-path-to-node=\"14\"><li><p data-path-to-node=\"14,0,0\">Herhangi bir cihazdan IBO Player aktivasyon web sitesine gidin: <b data-path-to-node=\"14,0,0\" data-index-in-node=\"55\"><a class=\"ng-star-inserted\" href=\"https:\/\/www.google.com\/search?q=https:\/\/iboplayer.com\/manage\" target=\"_blank\" rel=\"noopener\" data-hveid=\"0\" data-ved=\"0CAAQ_4QMahgKEwjwscr5tLOTAxUAAAAAHQAAAAAQrgE\">https:\/\/iboplayer.com\/manage<\/a><\/b> \ud83d\udcbb<\/p><\/li><li><p data-path-to-node=\"14,1,0\">Adresinizi girin <b data-path-to-node=\"14,1,0\" data-index-in-node=\"11\">Cihaz Kimli\u011fi<\/b> ve <b data-path-to-node=\"14,1,0\" data-index-in-node=\"25\">Cihaz Anahtar\u0131<\/b>.<\/p><\/li><li><p data-path-to-node=\"14,2,0\">T\u0131klay\u0131n\u0131z <b data-path-to-node=\"14,2,0\" data-index-in-node=\"9\">\u201c\u00c7alma Listesi Ekle\u201d<\/b>. \u2795<\/p><\/li><li><p data-path-to-node=\"14,3,0\">Adresinizi girin <b data-path-to-node=\"14,3,0\" data-index-in-node=\"11\">M3U URL'SI<\/b> veya <b data-path-to-node=\"14,3,0\" data-index-in-node=\"22\">Xtream Kodlar\u0131<\/b> bizim taraf\u0131m\u0131zdan sa\u011flanm\u0131\u015ft\u0131r.<\/p><\/li><li><p data-path-to-node=\"14,4,0\">T\u0131klay\u0131n <b data-path-to-node=\"14,4,0\" data-index-in-node=\"6\">Kaydet<\/b>. \ud83d\udcbe<\/p><\/li><\/ol><hr data-path-to-node=\"15\" \/><h3 data-path-to-node=\"16\">\u2728 4. Ad\u0131m: \u0130zlemeye Ba\u015flay\u0131n!<\/h3><ol start=\"1\" data-path-to-node=\"17\"><li><p data-path-to-node=\"17,0,0\">Android cihaz\u0131n\u0131zdaki IBO Player uygulamas\u0131na geri d\u00f6n\u00fcn. \ud83d\udcfa<\/p><\/li><li><p data-path-to-node=\"17,1,0\">T\u0131klay\u0131n <b data-path-to-node=\"17,1,0\" data-index-in-node=\"6\">Yenile<\/b> veya uygulamay\u0131 yeniden ba\u015flat\u0131n. \ud83d\udd04<\/p><\/li><li><p data-path-to-node=\"17,2,0\">Kanallar\u0131n\u0131z, filmleriniz ve dizileriniz otomatik olarak g\u00f6r\u00fcnecektir. Keyfini \u00e7\u0131kar\u0131n! \ud83c\udf7f\ud83c\udfac<\/p><\/li><\/ol><hr data-path-to-node=\"18\" \/><p data-path-to-node=\"19\"><b data-path-to-node=\"19\" data-index-in-node=\"0\">\u00d6nemli Not:<\/b> IBO Player genellikle bir <b data-path-to-node=\"19\" data-index-in-node=\"44\">7 g\u00fcnl\u00fck \u00fccretsiz deneme<\/b>. Bundan sonra, uygulamay\u0131 sonsuza kadar kullanmaya devam etmek i\u00e7in web sitelerinde bir kerelik k\u00fc\u00e7\u00fck bir \u00fccret kar\u015f\u0131l\u0131\u011f\u0131nda uygulamay\u0131 etkinle\u015ftirmeniz gerekecektir. \ud83d\udca1<\/p>\t\t\t\t\t\t\t\t<\/div>\n\t\t\t\t\t<\/div>\n\t\t\t\t<\/div>\n\t\t<div class=\"elementor-element elementor-element-c551f30 e-flex e-con-boxed e-con e-parent\" data-id=\"c551f30\" data-element_type=\"container\" data-e-type=\"container\">\n\t\t\t\t\t<div class=\"e-con-inner\">\n\t\t\t\t<div class=\"elementor-element elementor-element-4c4b9e3 elementor-widget elementor-widget-text-editor\" data-id=\"4c4b9e3\" data-element_type=\"widget\" data-e-type=\"widget\" data-widget_type=\"text-editor.default\">\n\t\t\t\t\t\t\t\t\t<h1><strong><a href=\"https:\/\/wa.me\/447307725244\">BURAYA TIKLAYIN<\/a>\u00a0YARDIMA IHTIYACINIZ VARSA!<\/strong><\/h1>\t\t\t\t\t\t\t\t<\/div>\n\t\t\t\t\t<\/div>\n\t\t\t\t<\/div>\n\t\t\t\t<\/div>","protected":false},"excerpt":{"rendered":"<p>\ud83d\udcf1 How to Install IBO Player on Android Devices IBO Player is one of the best and most user-friendly apps [&hellip;]<\/p>\n","protected":false},"author":1,"featured_media":0,"parent":0,"menu_order":0,"comment_status":"closed","ping_status":"closed","template":"","meta":{"site-sidebar-layout":"no-sidebar","site-content-layout":"","ast-site-content-layout":"full-width-container","site-content-style":"default","site-sidebar-style":"default","ast-global-header-display":"","ast-banner-title-visibility":"","ast-main-header-display":"","ast-hfb-above-header-display":"","ast-hfb-below-header-display":"","ast-hfb-mobile-header-display":"","site-post-title":"disabled","ast-breadcrumbs-content":"","ast-featured-img":"disabled","footer-sml-layout":"","ast-disable-related-posts":"","theme-transparent-header-meta":"","adv-header-id-meta":"","stick-header-meta":"","header-above-stick-meta":"","header-main-stick-meta":"","header-below-stick-meta":"","astra-migrate-meta-layouts":"default","ast-page-background-enabled":"default","ast-page-background-meta":{"desktop":{"background-color":"var(--ast-global-color-5)","background-image":"","background-repeat":"repeat","background-position":"center center","background-size":"auto","background-attachment":"scroll","background-type":"","background-media":"","overlay-type":"","overlay-color":"","overlay-opacity":"","overlay-gradient":""},"tablet":{"background-color":"","background-image":"","background-repeat":"repeat","background-position":"center center","background-size":"auto","background-attachment":"scroll","background-type":"","background-media":"","overlay-type":"","overlay-color":"","overlay-opacity":"","overlay-gradient":""},"mobile":{"background-color":"","background-image":"","background-repeat":"repeat","background-position":"center center","background-size":"auto","background-attachment":"scroll","background-type":"","background-media":"","overlay-type":"","overlay-color":"","overlay-opacity":"","overlay-gradient":""}},"ast-content-background-meta":{"desktop":{"background-color":"var(--ast-global-color-4)","background-image":"","background-repeat":"repeat","background-position":"center center","background-size":"auto","background-attachment":"scroll","background-type":"","background-media":"","overlay-type":"","overlay-color":"","overlay-opacity":"","overlay-gradient":""},"tablet":{"background-color":"var(--ast-global-color-4)","background-image":"","background-repeat":"repeat","background-position":"center center","background-size":"auto","background-attachment":"scroll","background-type":"","background-media":"","overlay-type":"","overlay-color":"","overlay-opacity":"","overlay-gradient":""},"mobile":{"background-color":"var(--ast-global-color-4)","background-image":"","background-repeat":"repeat","background-position":"center center","background-size":"auto","background-attachment":"scroll","background-type":"","background-media":"","overlay-type":"","overlay-color":"","overlay-opacity":"","overlay-gradient":""}},"footnotes":""},"class_list":["post-1402","page","type-page","status-publish","hentry"],"jetpack_sharing_enabled":true,"_links":{"self":[{"href":"https:\/\/dgtl-planet.com\/tr\/wp-json\/wp\/v2\/pages\/1402","targetHints":{"allow":["GET"]}}],"collection":[{"href":"https:\/\/dgtl-planet.com\/tr\/wp-json\/wp\/v2\/pages"}],"about":[{"href":"https:\/\/dgtl-planet.com\/tr\/wp-json\/wp\/v2\/types\/page"}],"author":[{"embeddable":true,"href":"https:\/\/dgtl-planet.com\/tr\/wp-json\/wp\/v2\/users\/1"}],"replies":[{"embeddable":true,"href":"https:\/\/dgtl-planet.com\/tr\/wp-json\/wp\/v2\/comments?post=1402"}],"version-history":[{"count":4,"href":"https:\/\/dgtl-planet.com\/tr\/wp-json\/wp\/v2\/pages\/1402\/revisions"}],"predecessor-version":[{"id":1406,"href":"https:\/\/dgtl-planet.com\/tr\/wp-json\/wp\/v2\/pages\/1402\/revisions\/1406"}],"wp:attachment":[{"href":"https:\/\/dgtl-planet.com\/tr\/wp-json\/wp\/v2\/media?parent=1402"}],"curies":[{"name":"wp","href":"https:\/\/api.w.org\/{rel}","templated":true}]}}