{"id":1392,"date":"2026-03-22T13:15:40","date_gmt":"2026-03-22T13:15:40","guid":{"rendered":"https:\/\/dgtl-planet.com\/?page_id=1392"},"modified":"2026-03-22T13:20:33","modified_gmt":"2026-03-22T13:20:33","slug":"pencereler","status":"publish","type":"page","link":"https:\/\/dgtl-planet.com\/tr\/pencereler\/","title":{"rendered":"pencereler"},"content":{"rendered":"<div data-elementor-type=\"wp-page\" data-elementor-id=\"1392\" class=\"elementor elementor-1392\" data-elementor-post-type=\"page\">\n\t\t\t\t<div class=\"elementor-element elementor-element-3226d88 e-flex e-con-boxed e-con e-parent\" data-id=\"3226d88\" data-element_type=\"container\" data-e-type=\"container\">\n\t\t\t\t\t<div class=\"e-con-inner\">\n\t\t\t\t<div class=\"elementor-element elementor-element-8a8593c elementor-widget elementor-widget-text-editor\" data-id=\"8a8593c\" data-element_type=\"widget\" data-e-type=\"widget\" data-widget_type=\"text-editor.default\">\n\t\t\t\t\t\t\t\t\t<div id=\"model-response-message-contentr_91aa527d78574599\" class=\"markdown markdown-main-panel stronger enable-updated-hr-color\" dir=\"ltr\" aria-live=\"polite\" aria-busy=\"false\"><div id=\"model-response-message-contentr_32a48206bfee084c\" class=\"markdown markdown-main-panel stronger enable-updated-hr-color\" dir=\"ltr\" aria-live=\"polite\" aria-busy=\"false\"><h2 data-path-to-node=\"0\">\ud83d\udcfa Windows'ta 8K IPTV Nas\u0131l Kurulur<\/h2><p data-path-to-node=\"1\">En sevdi\u011finiz kanallar\u0131, filmleri ve dizileri bilgisayar\u0131n\u0131zda izlemek h\u0131zl\u0131 ve kolayd\u0131r. Tercihinize ba\u011fl\u0131 olarak, do\u011frudan taray\u0131c\u0131n\u0131zda izleyebilir veya \u00f6zel oynat\u0131c\u0131m\u0131z\u0131 y\u00fckleyebilirsiniz! \ud83d\ude80<\/p><hr data-path-to-node=\"2\" \/><h3 data-path-to-node=\"3\">\ud83c\udf10 Se\u00e7enek 1: Do\u011frudan \u00c7evrimi\u00e7i \u0130zle (Kurulum Yok)<\/h3><p data-path-to-node=\"4\">Bu, ba\u015flaman\u0131n en h\u0131zl\u0131 yoludur. Hi\u00e7bir \u015fey indirmenize gerek yok - sadece giri\u015f yap\u0131n ve izleyin! \ud83c\udf7f<\/p><ol start=\"1\" data-path-to-node=\"5\"><li><p data-path-to-node=\"5,0,0\">Tercih etti\u011finiz web taray\u0131c\u0131s\u0131n\u0131 (Chrome, Edge veya Firefox) a\u00e7\u0131n. \ud83d\udcbb<\/p><\/li><li><p data-path-to-node=\"5,1,0\">Git hadi: <b data-path-to-node=\"5,1,0\" data-index-in-node=\"7\"><a class=\"ng-star-inserted\" href=\"http:\/\/web-8k.me\/\" target=\"_blank\" rel=\"noopener\" data-hveid=\"0\" data-ved=\"0CAAQ_4QMahgKEwjwscr5tLOTAxUAAAAAHQAAAAAQkQE\">http:\/\/web-8k.me<\/a><\/b> \ud83d\udd17<\/p><\/li><li><p data-path-to-node=\"5,2,0\">Hemen izlemeye ba\u015flamak i\u00e7in giri\u015f bilgilerinizi girin! \u2728<\/p><\/li><\/ol><hr data-path-to-node=\"6\" \/><h3 data-path-to-node=\"7\">\ud83d\udce5 Se\u00e7enek 2: 8K Player Uygulamas\u0131n\u0131 Kullan\u0131n (\u00d6nerilen)<\/h3><p data-path-to-node=\"8\">Daha kararl\u0131 ve zengin \u00f6zelliklere sahip bir deneyim i\u00e7in resmi <b data-path-to-node=\"8\" data-index-in-node=\"84\">8K Oynat\u0131c\u0131<\/b>. \u0130\u015fletim sisteminizle e\u015fle\u015fen s\u00fcr\u00fcm\u00fc se\u00e7in:<\/p><ul data-path-to-node=\"9\"><li><p data-path-to-node=\"9,0,0\"><b data-path-to-node=\"9,0,0\" data-index-in-node=\"0\">Windows 10 i\u00e7in:<\/b> <a class=\"ng-star-inserted\" href=\"http:\/\/download.best-ott.me\/apk_8k_win\/8K.Player.Setup.0.2.0.Windows10.exe\" target=\"_blank\" rel=\"noopener\" data-hveid=\"0\" data-ved=\"0CAAQ_4QMahgKEwjwscr5tLOTAxUAAAAAHQAAAAAQkgE\">Win 10 i\u00e7in 8K Oynat\u0131c\u0131y\u0131 \u0130ndirin<\/a> \ud83d\udce5<\/p><\/li><li><p data-path-to-node=\"9,1,0\"><b data-path-to-node=\"9,1,0\" data-index-in-node=\"0\">Windows 11 i\u00e7in:<\/b> <a class=\"ng-star-inserted\" href=\"http:\/\/download.best-ott.me\/apk_8k_win\/8K.Player.Setup.0.2.0.Windows11.exe\" target=\"_blank\" rel=\"noopener\" data-hveid=\"0\" data-ved=\"0CAAQ_4QMahgKEwjwscr5tLOTAxUAAAAAHQAAAAAQkwE\">Win 11 i\u00e7in 8K Oynat\u0131c\u0131y\u0131 \u0130ndirin<\/a> \ud83d\udce5<\/p><\/li><\/ul><p data-path-to-node=\"10\"><b data-path-to-node=\"10\" data-index-in-node=\"0\">Kurulum Ad\u0131mlar\u0131:<\/b><\/p><ol start=\"1\" data-path-to-node=\"11\"><li><p data-path-to-node=\"11,0,0\">\u0130ndirmek i\u00e7in yukar\u0131daki ba\u011flant\u0131ya t\u0131klay\u0131n <code data-path-to-node=\"11,0,0\" data-index-in-node=\"37\">.exe<\/code> kurulum dosyas\u0131. \ud83d\uddb1\ufe0f<\/p><\/li><li><p data-path-to-node=\"11,1,0\">\u0130ndirilen dosyay\u0131 a\u00e7\u0131n ve y\u00fcklemek i\u00e7in ekrandaki talimatlar\u0131 izleyin. \u2699\ufe0f<\/p><\/li><li><p data-path-to-node=\"11,2,0\">Uygulamay\u0131 masa\u00fcst\u00fcn\u00fczden ba\u015flat\u0131n ve hesab\u0131n\u0131zla oturum a\u00e7\u0131n. \ud83d\udd11<\/p><\/li><\/ol><blockquote data-path-to-node=\"12\"><p data-path-to-node=\"12,0\"><b data-path-to-node=\"12,0\" data-index-in-node=\"0\">\ud83d\udca1 Profesyonel \u0130pucu:<\/b> Windows bir \u201cBilgisayar\u0131n\u0131z Korunuyor\u201d uyar\u0131s\u0131 g\u00f6r\u00fcnt\u00fclerse <b data-path-to-node=\"12,0\" data-index-in-node=\"76\">\u201cDaha Fazla Bilgi\u201d<\/b> ve sonra <b data-path-to-node=\"12,0\" data-index-in-node=\"97\">\u201cYine de ka\u00e7\u201d<\/b> kuruluma devam etmek i\u00e7in. \u2705<\/p><\/blockquote><\/div><\/div>\t\t\t\t\t\t\t\t<\/div>\n\t\t\t\t\t<\/div>\n\t\t\t\t<\/div>\n\t\t<div class=\"elementor-element elementor-element-ef97170 e-flex e-con-boxed e-con e-parent\" data-id=\"ef97170\" data-element_type=\"container\" data-e-type=\"container\">\n\t\t\t\t\t<div class=\"e-con-inner\">\n\t\t\t\t<div class=\"elementor-element elementor-element-2c682e6 elementor-widget elementor-widget-text-editor\" data-id=\"2c682e6\" data-element_type=\"widget\" data-e-type=\"widget\" data-widget_type=\"text-editor.default\">\n\t\t\t\t\t\t\t\t\t<h1><strong><a href=\"https:\/\/wa.me\/447307725244\">BURAYA TIKLAYIN<\/a>\u00a0YARDIMA IHTIYACINIZ VARSA!<\/strong><\/h1>\t\t\t\t\t\t\t\t<\/div>\n\t\t\t\t\t<\/div>\n\t\t\t\t<\/div>\n\t\t\t\t<\/div>","protected":false},"excerpt":{"rendered":"<p>\ud83d\udcfa How to Set Up 8K IPTV on Windows Watching your favorite channels, movies, and series on your PC is [&hellip;]<\/p>\n","protected":false},"author":1,"featured_media":0,"parent":0,"menu_order":0,"comment_status":"closed","ping_status":"closed","template":"","meta":{"site-sidebar-layout":"no-sidebar","site-content-layout":"","ast-site-content-layout":"full-width-container","site-content-style":"default","site-sidebar-style":"default","ast-global-header-display":"","ast-banner-title-visibility":"","ast-main-header-display":"","ast-hfb-above-header-display":"","ast-hfb-below-header-display":"","ast-hfb-mobile-header-display":"","site-post-title":"disabled","ast-breadcrumbs-content":"","ast-featured-img":"disabled","footer-sml-layout":"","ast-disable-related-posts":"","theme-transparent-header-meta":"","adv-header-id-meta":"","stick-header-meta":"","header-above-stick-meta":"","header-main-stick-meta":"","header-below-stick-meta":"","astra-migrate-meta-layouts":"default","ast-page-background-enabled":"default","ast-page-background-meta":{"desktop":{"background-color":"var(--ast-global-color-5)","background-image":"","background-repeat":"repeat","background-position":"center center","background-size":"auto","background-attachment":"scroll","background-type":"","background-media":"","overlay-type":"","overlay-color":"","overlay-opacity":"","overlay-gradient":""},"tablet":{"background-color":"","background-image":"","background-repeat":"repeat","background-position":"center center","background-size":"auto","background-attachment":"scroll","background-type":"","background-media":"","overlay-type":"","overlay-color":"","overlay-opacity":"","overlay-gradient":""},"mobile":{"background-color":"","background-image":"","background-repeat":"repeat","background-position":"center center","background-size":"auto","background-attachment":"scroll","background-type":"","background-media":"","overlay-type":"","overlay-color":"","overlay-opacity":"","overlay-gradient":""}},"ast-content-background-meta":{"desktop":{"background-color":"var(--ast-global-color-4)","background-image":"","background-repeat":"repeat","background-position":"center center","background-size":"auto","background-attachment":"scroll","background-type":"","background-media":"","overlay-type":"","overlay-color":"","overlay-opacity":"","overlay-gradient":""},"tablet":{"background-color":"var(--ast-global-color-4)","background-image":"","background-repeat":"repeat","background-position":"center center","background-size":"auto","background-attachment":"scroll","background-type":"","background-media":"","overlay-type":"","overlay-color":"","overlay-opacity":"","overlay-gradient":""},"mobile":{"background-color":"var(--ast-global-color-4)","background-image":"","background-repeat":"repeat","background-position":"center center","background-size":"auto","background-attachment":"scroll","background-type":"","background-media":"","overlay-type":"","overlay-color":"","overlay-opacity":"","overlay-gradient":""}},"footnotes":""},"class_list":["post-1392","page","type-page","status-publish","hentry"],"jetpack_sharing_enabled":true,"_links":{"self":[{"href":"https:\/\/dgtl-planet.com\/tr\/wp-json\/wp\/v2\/pages\/1392","targetHints":{"allow":["GET"]}}],"collection":[{"href":"https:\/\/dgtl-planet.com\/tr\/wp-json\/wp\/v2\/pages"}],"about":[{"href":"https:\/\/dgtl-planet.com\/tr\/wp-json\/wp\/v2\/types\/page"}],"author":[{"embeddable":true,"href":"https:\/\/dgtl-planet.com\/tr\/wp-json\/wp\/v2\/users\/1"}],"replies":[{"embeddable":true,"href":"https:\/\/dgtl-planet.com\/tr\/wp-json\/wp\/v2\/comments?post=1392"}],"version-history":[{"count":9,"href":"https:\/\/dgtl-planet.com\/tr\/wp-json\/wp\/v2\/pages\/1392\/revisions"}],"predecessor-version":[{"id":1401,"href":"https:\/\/dgtl-planet.com\/tr\/wp-json\/wp\/v2\/pages\/1392\/revisions\/1401"}],"wp:attachment":[{"href":"https:\/\/dgtl-planet.com\/tr\/wp-json\/wp\/v2\/media?parent=1392"}],"curies":[{"name":"wp","href":"https:\/\/api.w.org\/{rel}","templated":true}]}}