{"id":1427,"date":"2026-03-22T13:28:07","date_gmt":"2026-03-22T13:28:07","guid":{"rendered":"https:\/\/dgtl-planet.com\/?page_id=1427"},"modified":"2026-03-22T13:29:18","modified_gmt":"2026-03-22T13:29:18","slug":"enigma-2","status":"publish","type":"page","link":"https:\/\/dgtl-planet.com\/pt\/enigma-2\/","title":{"rendered":"enigma 2"},"content":{"rendered":"<div data-elementor-type=\"wp-page\" data-elementor-id=\"1427\" class=\"elementor elementor-1427\" data-elementor-post-type=\"page\">\n\t\t\t\t<div class=\"elementor-element elementor-element-94a3933 e-flex e-con-boxed e-con e-parent\" data-id=\"94a3933\" data-element_type=\"container\" data-e-type=\"container\">\n\t\t\t\t\t<div class=\"e-con-inner\">\n\t\t\t\t<div class=\"elementor-element elementor-element-12560e1 elementor-widget elementor-widget-text-editor\" data-id=\"12560e1\" data-element_type=\"widget\" data-e-type=\"widget\" data-widget_type=\"text-editor.default\">\n\t\t\t\t\t\t\t\t\t<h2 data-path-to-node=\"0\">\ud83d\udce1 Como configurar a IPTV no Enigma2 (Zgemma, Vu+, Dreambox)<\/h2><p data-path-to-node=\"1\">A configura\u00e7\u00e3o de uma caixa Enigma2 \u00e9 um pouco mais t\u00e9cnica, mas proporciona a experi\u00eancia mais profissional e integrada. Existem duas formas comuns de o fazer: utilizando um <b data-path-to-node=\"1\" data-index-in-node=\"163\">Script de auto-instala\u00e7\u00e3o<\/b> (mais f\u00e1cil) ou um <b data-path-to-node=\"1\" data-index-in-node=\"197\">Plugin<\/b>.<\/p><hr data-path-to-node=\"2\" \/><h3 data-path-to-node=\"3\">Op\u00e7\u00e3o 1: A forma mais r\u00e1pida (Script de auto-instala\u00e7\u00e3o)<\/h3><p data-path-to-node=\"4\">Este m\u00e9todo cria automaticamente a sua lista de canais (bouquets) sem necessidade de instalar plugins extra. Precisar\u00e1 de um computador e de um programa como o <b data-path-to-node=\"4\" data-index-in-node=\"149\">PuTTY<\/b>.<\/p><ol start=\"1\" data-path-to-node=\"5\"><li><p data-path-to-node=\"5,0,0\"><b data-path-to-node=\"5,0,0\" data-index-in-node=\"0\">Obtenha o seu Box IP:<\/b> Ir para <b data-path-to-node=\"5,0,0\" data-index-in-node=\"23\">Menu &gt; Informa\u00e7\u00f5es &gt; Rede<\/b> na sua caixa para encontrar o seu endere\u00e7o IP. \ud83d\udd0d<\/p><\/li><li><p data-path-to-node=\"5,1,0\"><b data-path-to-node=\"5,1,0\" data-index-in-node=\"0\">Abra o PuTTY:<\/b> Introduzir o endere\u00e7o IP, selecionar <b data-path-to-node=\"5,1,0\" data-index-in-node=\"41\">Telnet<\/b> (ou SSH), e clique em <b data-path-to-node=\"5,1,0\" data-index-in-node=\"68\">Aberto<\/b>. \ud83d\udcbb<\/p><\/li><li><p data-path-to-node=\"5,2,0\"><b data-path-to-node=\"5,2,0\" data-index-in-node=\"0\">Iniciar sess\u00e3o:<\/b> Quando solicitado, digite <code data-path-to-node=\"5,2,0\" data-index-in-node=\"27\">raiz<\/code> como nome de utilizador (e a sua palavra-passe, se a tiver definido).<\/p><\/li><li><p data-path-to-node=\"5,3,0\"><b data-path-to-node=\"5,3,0\" data-index-in-node=\"0\">Colar o comando:<\/b> Copie a hiperliga\u00e7\u00e3o do script que fornecemos (normalmente tem o seguinte aspeto <code data-path-to-node=\"5,3,0\" data-index-in-node=\"75\">wget -O \/etc\/enigma2\/iptv.sh...<\/code>) e <b data-path-to-node=\"5,3,0\" data-index-in-node=\"112\">clicar com o bot\u00e3o direito do rato<\/b> na janela do PuTTY para o colar. \ud83d\udccb<\/p><\/li><li><p data-path-to-node=\"5,4,0\"><b data-path-to-node=\"5,4,0\" data-index-in-node=\"0\">Prima Enter:<\/b> O script ser\u00e1 executado e reiniciar\u00e1 automaticamente a sua caixa. \ud83d\udd04<\/p><\/li><li><p data-path-to-node=\"5,5,0\"><b data-path-to-node=\"5,5,0\" data-index-in-node=\"0\">Ver:<\/b> Prima o bot\u00e3o <b data-path-to-node=\"5,5,0\" data-index-in-node=\"17\">Bot\u00e3o azul<\/b> (ou Favoritos) no seu telecomando. Ver\u00e1 novas categorias \u201c8K IPTV\u201d na sua lista de canais! \ud83d\udcfa\ud83c\udf7f<\/p><\/li><\/ol><hr data-path-to-node=\"6\" \/><h3 data-path-to-node=\"7\">Op\u00e7\u00e3o 2: Utilizar um plug-in (Jedi Maker Xtream)<\/h3><p data-path-to-node=\"8\">Se preferir uma interface visual para gerir os seus canais, esta \u00e9 a melhor aplica\u00e7\u00e3o.<\/p><ol start=\"1\" data-path-to-node=\"9\"><li><p data-path-to-node=\"9,0,0\"><b data-path-to-node=\"9,0,0\" data-index-in-node=\"0\">Instalar o Plugin:<\/b> Ir para <b data-path-to-node=\"9,0,0\" data-index-in-node=\"26\">Plug-ins &gt; Transferir plug-ins (bot\u00e3o verde) &gt; Extens\u00f5es<\/b> e procurar <b data-path-to-node=\"9,0,0\" data-index-in-node=\"94\">JediMakerXtream<\/b>. Instale-o e reinicie a GUI. \ud83d\udce5<\/p><\/li><li><p data-path-to-node=\"9,1,0\"><b data-path-to-node=\"9,1,0\" data-index-in-node=\"0\">Abrir o Jedi Maker:<\/b> Ir para <b data-path-to-node=\"9,1,0\" data-index-in-node=\"23\">Plugins<\/b> e abrir <b data-path-to-node=\"9,1,0\" data-index-in-node=\"40\">Jedi Maker Xtream<\/b>.<\/p><\/li><li><p data-path-to-node=\"9,2,0\"><b data-path-to-node=\"9,2,0\" data-index-in-node=\"0\">Adicionar lista de reprodu\u00e7\u00e3o:<\/b> Selecionar <b data-path-to-node=\"9,2,0\" data-index-in-node=\"21\">\u201cListas de reprodu\u00e7\u00e3o\u201d<\/b> depois <b data-path-to-node=\"9,2,0\" data-index-in-node=\"38\">\u201cAdicionar lista de reprodu\u00e7\u00e3o\u201d<\/b>. \u2795<\/p><\/li><li><p data-path-to-node=\"9,3,0\"><b data-path-to-node=\"9,3,0\" data-index-in-node=\"0\">Introduzir detalhes:<\/b> Introduza o seu <b data-path-to-node=\"9,3,0\" data-index-in-node=\"26\">Liga\u00e7\u00e3o M3U<\/b> ou <b data-path-to-node=\"9,3,0\" data-index-in-node=\"38\">C\u00f3digos Xtream<\/b> (Anfitri\u00e3o, Porta, Nome de utilizador, Palavra-passe). \ud83d\udd11<\/p><\/li><li><p data-path-to-node=\"9,4,0\"><b data-path-to-node=\"9,4,0\" data-index-in-node=\"0\">Criar bouquets:<\/b> Quando a aplica\u00e7\u00e3o carregar as categorias, selecione as que pretende e clique em <b data-path-to-node=\"9,4,0\" data-index-in-node=\"87\">\u201cCriar ramos de flores\u201d<\/b>. \u2705<\/p><\/li><li><p data-path-to-node=\"9,5,0\"><b data-path-to-node=\"9,5,0\" data-index-in-node=\"0\">Desfrutar:<\/b> Saia do plugin e os seus canais estar\u00e3o \u00e0 espera na sua lista principal de TV! \ud83c\udfac<\/p><\/li><\/ol><hr data-path-to-node=\"10\" \/><h3 data-path-to-node=\"11\">Dicas profissionais para o Enigma2:<\/h3><ul data-path-to-node=\"12\"><li><p data-path-to-node=\"12,0,0\"><b data-path-to-node=\"12,0,0\" data-index-in-node=\"0\">EPG (Guia):<\/b> Para ver o que est\u00e1 a ser reproduzido, instale a aplica\u00e7\u00e3o <b data-path-to-node=\"12,0,0\" data-index-in-node=\"48\">Importador de EPG<\/b> plugin. Nas defini\u00e7\u00f5es, selecione a fonte denominada \u201cJedi Maker\u201d ou o seu fornecedor de IPTV e clique em <b data-path-to-node=\"12,0,0\" data-index-in-node=\"155\">Importa\u00e7\u00e3o<\/b>. \ud83d\udcc5<\/p><\/li><li><p data-path-to-node=\"12,1,0\"><b data-path-to-node=\"12,1,0\" data-index-in-node=\"0\">Buffering:<\/b> Para conte\u00fados 4K\/8K, utilize sempre um <b data-path-to-node=\"12,1,0\" data-index-in-node=\"43\">cabo Ethernet com fios<\/b>. As caixas Enigma2 podem por vezes ter dificuldades com v\u00eddeo de alta taxa de bits atrav\u00e9s de adaptadores Wi-Fi antigos. \u26a1<\/p><\/li><li><p data-path-to-node=\"12,2,0\"><b data-path-to-node=\"12,2,0\" data-index-in-node=\"0\">Actualiza\u00e7\u00f5es:<\/b> Se a sua lista de canais desaparecer, basta reiniciar a caixa ou executar o script novamente para atualizar os links. \ud83d\udd04<\/p><\/li><\/ul>\t\t\t\t\t\t\t\t<\/div>\n\t\t\t\t\t<\/div>\n\t\t\t\t<\/div>\n\t\t<div class=\"elementor-element elementor-element-bcc6755 e-flex e-con-boxed e-con e-parent\" data-id=\"bcc6755\" data-element_type=\"container\" data-e-type=\"container\">\n\t\t\t\t\t<div class=\"e-con-inner\">\n\t\t\t\t<div class=\"elementor-element elementor-element-32813c3 elementor-widget elementor-widget-text-editor\" data-id=\"32813c3\" data-element_type=\"widget\" data-e-type=\"widget\" data-widget_type=\"text-editor.default\">\n\t\t\t\t\t\t\t\t\t<h1><strong><a href=\"https:\/\/wa.me\/447307725244\">CLIQUE AQUI<\/a>\u00a0SE PRECISAR DE AJUDA!<\/strong><\/h1>\t\t\t\t\t\t\t\t<\/div>\n\t\t\t\t\t<\/div>\n\t\t\t\t<\/div>\n\t\t\t\t<\/div>","protected":false},"excerpt":{"rendered":"<p>\ud83d\udce1 How to Set Up IPTV on Enigma2 (Zgemma, Vu+, Dreambox) Setting up an Enigma2 box is a bit more [&hellip;]<\/p>\n","protected":false},"author":1,"featured_media":0,"parent":0,"menu_order":0,"comment_status":"closed","ping_status":"closed","template":"","meta":{"site-sidebar-layout":"no-sidebar","site-content-layout":"","ast-site-content-layout":"full-width-container","site-content-style":"default","site-sidebar-style":"default","ast-global-header-display":"","ast-banner-title-visibility":"","ast-main-header-display":"","ast-hfb-above-header-display":"","ast-hfb-below-header-display":"","ast-hfb-mobile-header-display":"","site-post-title":"disabled","ast-breadcrumbs-content":"","ast-featured-img":"disabled","footer-sml-layout":"","ast-disable-related-posts":"","theme-transparent-header-meta":"","adv-header-id-meta":"","stick-header-meta":"","header-above-stick-meta":"","header-main-stick-meta":"","header-below-stick-meta":"","astra-migrate-meta-layouts":"default","ast-page-background-enabled":"default","ast-page-background-meta":{"desktop":{"background-color":"var(--ast-global-color-5)","background-image":"","background-repeat":"repeat","background-position":"center center","background-size":"auto","background-attachment":"scroll","background-type":"","background-media":"","overlay-type":"","overlay-color":"","overlay-opacity":"","overlay-gradient":""},"tablet":{"background-color":"","background-image":"","background-repeat":"repeat","background-position":"center center","background-size":"auto","background-attachment":"scroll","background-type":"","background-media":"","overlay-type":"","overlay-color":"","overlay-opacity":"","overlay-gradient":""},"mobile":{"background-color":"","background-image":"","background-repeat":"repeat","background-position":"center center","background-size":"auto","background-attachment":"scroll","background-type":"","background-media":"","overlay-type":"","overlay-color":"","overlay-opacity":"","overlay-gradient":""}},"ast-content-background-meta":{"desktop":{"background-color":"var(--ast-global-color-4)","background-image":"","background-repeat":"repeat","background-position":"center center","background-size":"auto","background-attachment":"scroll","background-type":"","background-media":"","overlay-type":"","overlay-color":"","overlay-opacity":"","overlay-gradient":""},"tablet":{"background-color":"var(--ast-global-color-4)","background-image":"","background-repeat":"repeat","background-position":"center center","background-size":"auto","background-attachment":"scroll","background-type":"","background-media":"","overlay-type":"","overlay-color":"","overlay-opacity":"","overlay-gradient":""},"mobile":{"background-color":"var(--ast-global-color-4)","background-image":"","background-repeat":"repeat","background-position":"center center","background-size":"auto","background-attachment":"scroll","background-type":"","background-media":"","overlay-type":"","overlay-color":"","overlay-opacity":"","overlay-gradient":""}},"footnotes":""},"class_list":["post-1427","page","type-page","status-publish","hentry"],"jetpack_sharing_enabled":true,"_links":{"self":[{"href":"https:\/\/dgtl-planet.com\/pt\/wp-json\/wp\/v2\/pages\/1427","targetHints":{"allow":["GET"]}}],"collection":[{"href":"https:\/\/dgtl-planet.com\/pt\/wp-json\/wp\/v2\/pages"}],"about":[{"href":"https:\/\/dgtl-planet.com\/pt\/wp-json\/wp\/v2\/types\/page"}],"author":[{"embeddable":true,"href":"https:\/\/dgtl-planet.com\/pt\/wp-json\/wp\/v2\/users\/1"}],"replies":[{"embeddable":true,"href":"https:\/\/dgtl-planet.com\/pt\/wp-json\/wp\/v2\/comments?post=1427"}],"version-history":[{"count":5,"href":"https:\/\/dgtl-planet.com\/pt\/wp-json\/wp\/v2\/pages\/1427\/revisions"}],"predecessor-version":[{"id":1432,"href":"https:\/\/dgtl-planet.com\/pt\/wp-json\/wp\/v2\/pages\/1427\/revisions\/1432"}],"wp:attachment":[{"href":"https:\/\/dgtl-planet.com\/pt\/wp-json\/wp\/v2\/media?parent=1427"}],"curies":[{"name":"wp","href":"https:\/\/api.w.org\/{rel}","templated":true}]}}