{"id":1421,"date":"2026-03-22T13:26:39","date_gmt":"2026-03-22T13:26:39","guid":{"rendered":"https:\/\/dgtl-planet.com\/?page_id=1421"},"modified":"2026-03-22T13:27:34","modified_gmt":"2026-03-22T13:27:34","slug":"aplikacja-flixiptv","status":"publish","type":"page","link":"https:\/\/dgtl-planet.com\/pl\/aplikacja-flixiptv\/","title":{"rendered":"aplikacja flixiptv"},"content":{"rendered":"<div data-elementor-type=\"wp-page\" data-elementor-id=\"1421\" class=\"elementor elementor-1421\" data-elementor-post-type=\"page\">\n\t\t\t\t<div class=\"elementor-element elementor-element-39a1a89 e-flex e-con-boxed e-con e-parent\" data-id=\"39a1a89\" data-element_type=\"container\" data-e-type=\"container\">\n\t\t\t\t\t<div class=\"e-con-inner\">\n\t\t\t\t<div class=\"elementor-element elementor-element-41bff00 elementor-widget elementor-widget-text-editor\" data-id=\"41bff00\" data-element_type=\"widget\" data-e-type=\"widget\" data-widget_type=\"text-editor.default\">\n\t\t\t\t\t\t\t\t\t<h2 data-path-to-node=\"0\">Jak skonfigurowa\u0107 Flix IPTV na Smart TV (Samsung, LG, Android)<\/h2><p data-path-to-node=\"1\">Flix IPTV to najlepsza aplikacja dla telewizor\u00f3w Smart TV ze wzgl\u0119du na szybki interfejs i wysokiej jako\u015bci streaming. Wykonaj poni\u017csze kroki, aby skonfigurowa\u0107 j\u0105 na swoim telewizorze w kilka minut! \ud83d\ude80<\/p><hr data-path-to-node=\"2\" \/><h3 data-path-to-node=\"3\">Krok 1: Zainstaluj aplikacj\u0119<\/h3><ol start=\"1\" data-path-to-node=\"4\"><li><p data-path-to-node=\"4,0,0\">Otw\u00f3rz <b data-path-to-node=\"4,0,0\" data-index-in-node=\"9\">App Store<\/b> na telewizorze Smart TV (Samsung Hub, LG Content Store lub Google Play Store). \ud83d\udd0d<\/p><\/li><li><p data-path-to-node=\"4,1,0\">Szukaj <b data-path-to-node=\"4,1,0\" data-index-in-node=\"11\">\u201cFlix IPTV\u201d<\/b>.<\/p><\/li><li><p data-path-to-node=\"4,2,0\">Pobierz i zainstaluj aplikacj\u0119. \ud83d\udce5<\/p><\/li><li><p data-path-to-node=\"4,3,0\">Otw\u00f3rz aplikacj\u0119, a zobaczysz swoje <b data-path-to-node=\"4,3,0\" data-index-in-node=\"36\">Adres MAC<\/b> na ekranie (np, <code data-path-to-node=\"4,3,0\" data-index-in-node=\"69\">00:bb:44:aa:22:11<\/code>). \ud83c\udd94<\/p><\/li><\/ol><hr data-path-to-node=\"5\" \/><h3 data-path-to-node=\"6\">Krok 2: Prze\u015blij swoj\u0105 list\u0119 odtwarzania<\/h3><p data-path-to-node=\"7\">W przeciwie\u0144stwie do innych aplikacji, list\u0105 odtwarzania Flix IPTV mo\u017cna zarz\u0105dza\u0107 za po\u015brednictwem oficjalnej strony internetowej na telefonie lub komputerze.<\/p><ol start=\"1\" data-path-to-node=\"8\"><li><p data-path-to-node=\"8,0,0\">Przejd\u017a do strony aktywacji Flix IPTV: <b data-path-to-node=\"8,0,0\" data-index-in-node=\"37\"><a class=\"ng-star-inserted\" target=\"_blank\" rel=\"noopener\" data-hveid=\"0\" data-ved=\"0CAAQ_4QMahgKEwjwscr5tLOTAxUAAAAAHQAAAAAQ5AE\">https:\/\/flixiptv.eu\/mylist<\/a><\/b> \ud83d\udd17<\/p><\/li><li><p data-path-to-node=\"8,1,0\">Wprowad\u017a sw\u00f3j <b data-path-to-node=\"8,1,0\" data-index-in-node=\"11\">Adres MAC<\/b> w pierwszym polu.<\/p><\/li><li><p data-path-to-node=\"8,2,0\">W <b data-path-to-node=\"8,2,0\" data-index-in-node=\"7\">URL<\/b> pole, wklej <b data-path-to-node=\"8,2,0\" data-index-in-node=\"28\">\u0141\u0105cze M3U<\/b> dostarczone przez nas. \ud83d\udd87\ufe0f<\/p><\/li><li><p data-path-to-node=\"8,3,0\">Kliknij <b data-path-to-node=\"8,3,0\" data-index-in-node=\"6\">\u201cWy\u015blij\u201d<\/b> lub <b data-path-to-node=\"8,3,0\" data-index-in-node=\"16\">\u201cZapisz\u201d<\/b>. \ud83d\udcbe<\/p><\/li><\/ol><hr data-path-to-node=\"9\" \/><h3 data-path-to-node=\"10\">Krok 3: Od\u015bwie\u017c telewizor<\/h3><ol start=\"1\" data-path-to-node=\"11\"><li><p data-path-to-node=\"11,0,0\">Wr\u00f3\u0107 do telewizora Smart TV. \ud83d\udcfa<\/p><\/li><li><p data-path-to-node=\"11,1,0\">Uruchom ponownie aplikacj\u0119 Flix IPTV lub wybierz opcj\u0119 <b data-path-to-node=\"11,1,0\" data-index-in-node=\"36\">\u201cOd\u015bwie\u017c\u201d<\/b> z menu g\u0142\u00f3wnego.<\/p><\/li><li><p data-path-to-node=\"11,2,0\">Kategorie (telewizja na \u017cywo, filmy, seriale) pojawi\u0105 si\u0119 natychmiast. \ud83c\udfac\ud83c\udf7f<\/p><\/li><\/ol><hr data-path-to-node=\"12\" \/><h3 data-path-to-node=\"13\">Wa\u017cne wskaz\u00f3wki dla profesjonalist\u00f3w:<\/h3><ul data-path-to-node=\"14\"><li><p data-path-to-node=\"14,0,0\"><b data-path-to-node=\"14,0,0\" data-index-in-node=\"0\">Jednotygodniowy okres pr\u00f3bny:<\/b> Flix IPTV zazwyczaj oferuje <b data-path-to-node=\"14,0,0\" data-index-in-node=\"43\">7-dniowy bezp\u0142atny okres pr\u00f3bny<\/b>. Po zako\u0144czeniu okresu pr\u00f3bnego nale\u017cy go aktywowa\u0107 za niewielk\u0105 jednorazow\u0105 op\u0142at\u0105 na ich stronie internetowej (<code data-path-to-node=\"14,0,0\" data-index-in-node=\"153\">flixiptv.eu\/aktywacja<\/code>), aby nadal go u\u017cywa\u0107. \ud83d\udd11<\/p><\/li><li><p data-path-to-node=\"14,1,0\"><b data-path-to-node=\"14,1,0\" data-index-in-node=\"0\">Ustawienia napis\u00f3w:<\/b> Rozmiar, kolor i t\u0142o napis\u00f3w mo\u017cna zmieni\u0107 bezpo\u015brednio w aplikacji <b data-path-to-node=\"14,1,0\" data-index-in-node=\"106\">Ustawienia<\/b> menu. \u2699\ufe0f<\/p><\/li><li><p data-path-to-node=\"14,2,0\"><b data-path-to-node=\"14,2,0\" data-index-in-node=\"0\">Zmiana j\u0119zyk\u00f3w:<\/b> Je\u015bli film ma wiele \u015bcie\u017cek d\u017awi\u0119kowych, wystarczy nacisn\u0105\u0107 przycisk <b data-path-to-node=\"14,2,0\" data-index-in-node=\"71\">\u201cOK\u201d<\/b> podczas odtwarzania filmu, aby wybra\u0107 preferowany j\u0119zyk! \ud83c\udf0d<\/p><\/li><\/ul>\t\t\t\t\t\t\t\t<\/div>\n\t\t\t\t\t<\/div>\n\t\t\t\t<\/div>\n\t\t<div class=\"elementor-element elementor-element-d229aba e-flex e-con-boxed e-con e-parent\" data-id=\"d229aba\" data-element_type=\"container\" data-e-type=\"container\">\n\t\t\t\t\t<div class=\"e-con-inner\">\n\t\t\t\t<div class=\"elementor-element elementor-element-3674045 elementor-widget elementor-widget-text-editor\" data-id=\"3674045\" data-element_type=\"widget\" data-e-type=\"widget\" data-widget_type=\"text-editor.default\">\n\t\t\t\t\t\t\t\t\t<h1><strong><a href=\"https:\/\/wa.me\/447307725244\">KLIKNIJ TUTAJ<\/a>\u00a0JE\u015aLI POTRZEBUJESZ POMOCY!<\/strong><\/h1>\t\t\t\t\t\t\t\t<\/div>\n\t\t\t\t\t<\/div>\n\t\t\t\t<\/div>\n\t\t\t\t<\/div>","protected":false},"excerpt":{"rendered":"<p>\ud83d\udcfa How to Set Up Flix IPTV on Smart TV (Samsung, LG, Android) Flix IPTV is a top-tier app for [&hellip;]<\/p>\n","protected":false},"author":1,"featured_media":0,"parent":0,"menu_order":0,"comment_status":"closed","ping_status":"closed","template":"","meta":{"site-sidebar-layout":"no-sidebar","site-content-layout":"","ast-site-content-layout":"full-width-container","site-content-style":"default","site-sidebar-style":"default","ast-global-header-display":"","ast-banner-title-visibility":"","ast-main-header-display":"","ast-hfb-above-header-display":"","ast-hfb-below-header-display":"","ast-hfb-mobile-header-display":"","site-post-title":"disabled","ast-breadcrumbs-content":"","ast-featured-img":"disabled","footer-sml-layout":"","ast-disable-related-posts":"","theme-transparent-header-meta":"","adv-header-id-meta":"","stick-header-meta":"","header-above-stick-meta":"","header-main-stick-meta":"","header-below-stick-meta":"","astra-migrate-meta-layouts":"default","ast-page-background-enabled":"default","ast-page-background-meta":{"desktop":{"background-color":"var(--ast-global-color-5)","background-image":"","background-repeat":"repeat","background-position":"center center","background-size":"auto","background-attachment":"scroll","background-type":"","background-media":"","overlay-type":"","overlay-color":"","overlay-opacity":"","overlay-gradient":""},"tablet":{"background-color":"","background-image":"","background-repeat":"repeat","background-position":"center center","background-size":"auto","background-attachment":"scroll","background-type":"","background-media":"","overlay-type":"","overlay-color":"","overlay-opacity":"","overlay-gradient":""},"mobile":{"background-color":"","background-image":"","background-repeat":"repeat","background-position":"center center","background-size":"auto","background-attachment":"scroll","background-type":"","background-media":"","overlay-type":"","overlay-color":"","overlay-opacity":"","overlay-gradient":""}},"ast-content-background-meta":{"desktop":{"background-color":"var(--ast-global-color-4)","background-image":"","background-repeat":"repeat","background-position":"center center","background-size":"auto","background-attachment":"scroll","background-type":"","background-media":"","overlay-type":"","overlay-color":"","overlay-opacity":"","overlay-gradient":""},"tablet":{"background-color":"var(--ast-global-color-4)","background-image":"","background-repeat":"repeat","background-position":"center center","background-size":"auto","background-attachment":"scroll","background-type":"","background-media":"","overlay-type":"","overlay-color":"","overlay-opacity":"","overlay-gradient":""},"mobile":{"background-color":"var(--ast-global-color-4)","background-image":"","background-repeat":"repeat","background-position":"center center","background-size":"auto","background-attachment":"scroll","background-type":"","background-media":"","overlay-type":"","overlay-color":"","overlay-opacity":"","overlay-gradient":""}},"footnotes":""},"class_list":["post-1421","page","type-page","status-publish","hentry"],"jetpack_sharing_enabled":true,"_links":{"self":[{"href":"https:\/\/dgtl-planet.com\/pl\/wp-json\/wp\/v2\/pages\/1421","targetHints":{"allow":["GET"]}}],"collection":[{"href":"https:\/\/dgtl-planet.com\/pl\/wp-json\/wp\/v2\/pages"}],"about":[{"href":"https:\/\/dgtl-planet.com\/pl\/wp-json\/wp\/v2\/types\/page"}],"author":[{"embeddable":true,"href":"https:\/\/dgtl-planet.com\/pl\/wp-json\/wp\/v2\/users\/1"}],"replies":[{"embeddable":true,"href":"https:\/\/dgtl-planet.com\/pl\/wp-json\/wp\/v2\/comments?post=1421"}],"version-history":[{"count":5,"href":"https:\/\/dgtl-planet.com\/pl\/wp-json\/wp\/v2\/pages\/1421\/revisions"}],"predecessor-version":[{"id":1426,"href":"https:\/\/dgtl-planet.com\/pl\/wp-json\/wp\/v2\/pages\/1421\/revisions\/1426"}],"wp:attachment":[{"href":"https:\/\/dgtl-planet.com\/pl\/wp-json\/wp\/v2\/media?parent=1421"}],"curies":[{"name":"wp","href":"https:\/\/api.w.org\/{rel}","templated":true}]}}