{"id":1402,"date":"2026-03-22T13:20:54","date_gmt":"2026-03-22T13:20:54","guid":{"rendered":"https:\/\/dgtl-planet.com\/?page_id=1402"},"modified":"2026-03-22T13:22:19","modified_gmt":"2026-03-22T13:22:19","slug":"androidengerate","status":"publish","type":"page","link":"https:\/\/dgtl-planet.com\/de\/androidengerate\/","title":{"rendered":"Androidenger\u00e4te"},"content":{"rendered":"<div data-elementor-type=\"wp-page\" data-elementor-id=\"1402\" class=\"elementor elementor-1402\" data-elementor-post-type=\"page\">\n\t\t\t\t<div class=\"elementor-element elementor-element-9971595 e-flex e-con-boxed e-con e-parent\" data-id=\"9971595\" data-element_type=\"container\" data-e-type=\"container\">\n\t\t\t\t\t<div class=\"e-con-inner\">\n\t\t\t\t<div class=\"elementor-element elementor-element-d76cfd2 elementor-widget elementor-widget-text-editor\" data-id=\"d76cfd2\" data-element_type=\"widget\" data-e-type=\"widget\" data-widget_type=\"text-editor.default\">\n\t\t\t\t\t\t\t\t\t<h2 data-path-to-node=\"0\">\ud83d\udcf1 Wie installiert man IBO Player auf Android-Ger\u00e4ten?<\/h2><p data-path-to-node=\"1\"><span class=\"citation-3 citation-end-3\">IBO Player ist eine der besten und benutzerfreundlichsten Apps f\u00fcr Streaming.<\/span> Befolge diese einfachen Schritte, um es auf deinem Android-Telefon, Tablet oder deiner TV-Box zum Laufen zu bringen! \ud83d\ude80<\/p><div class=\"source-inline-chip-container ng-star-inserted\">\u00a0<\/div><hr data-path-to-node=\"2\" \/><h3 data-path-to-node=\"3\">\ud83d\udce5 Schritt 1: Herunterladen &amp; Installieren<\/h3><p data-path-to-node=\"4\">Da IBO Player eine Premium-App ist, ist es oft am besten, die offizielle APK herunterzuladen, um die stabilste Version zu erhalten.<\/p><ol start=\"1\" data-path-to-node=\"5\"><li><p data-path-to-node=\"5,0,0\"><b data-path-to-node=\"5,0,0\" data-index-in-node=\"0\">\u00d6ffnen Sie Ihren Browser<\/b> (Chrome oder Brave) auf Ihrem Android-Ger\u00e4t. \ud83c\udf10<\/p><\/li><li><p data-path-to-node=\"5,1,0\">Rufen Sie den offiziellen Download-Link auf: <b data-path-to-node=\"5,1,0\" data-index-in-node=\"34\"><a class=\"ng-star-inserted\" href=\"https:\/\/www.google.com\/search?q=https:\/\/iboplayer.com\/ibo.apk\" target=\"_blank\" rel=\"noopener\" data-hveid=\"0\" data-ved=\"0CAAQ_4QMahgKEwjwscr5tLOTAxUAAAAAHQAAAAAQrAE\">https:\/\/iboplayer.com\/ibo.apk<\/a><\/b> \ud83d\udd17<\/p><\/li><li><p data-path-to-node=\"5,2,0\">Sobald der Download abgeschlossen ist, klicken Sie auf <b data-path-to-node=\"5,2,0\" data-index-in-node=\"37\">Installieren Sie<\/b>. \ud83d\uddb1\ufe0f<\/p><ul data-path-to-node=\"5,2,1\"><li><p data-path-to-node=\"5,2,1,0,0\"><i data-path-to-node=\"5,2,1,0,0\" data-index-in-node=\"0\">Hinweis: Wenn Ihr Handy sagt, dass \u201cInstallieren aus unbekannten Quellen\u201d blockiert ist, gehen Sie zu den Einstellungen und erlauben Sie Ihrem Browser, Apps zu installieren.<\/i> \u2705<\/p><\/li><\/ul><\/li><\/ol><hr data-path-to-node=\"6\" \/><h3 data-path-to-node=\"7\">\ud83d\udd11 Schritt 2: Holen Sie sich Ihre Ger\u00e4tedaten<\/h3><p data-path-to-node=\"8\"><span class=\"citation-2 citation-end-2\">Sobald die App installiert ist, \u00f6ffnen Sie sie.<\/span> Auf dem Hauptbildschirm sehen Sie zwei wichtige Informationen:<\/p><div class=\"source-inline-chip-container ng-star-inserted\">\u00a0<\/div><ul data-path-to-node=\"9\"><li><p data-path-to-node=\"9,0,0\"><b data-path-to-node=\"9,0,0\" data-index-in-node=\"0\">Ger\u00e4te-ID<\/b> (Sieht so aus: <code data-path-to-node=\"9,0,0\" data-index-in-node=\"23\">00:1A:79:XX:XX:XX<\/code>) \ud83c\udd94<\/p><\/li><li><p data-path-to-node=\"9,1,0\"><b data-path-to-node=\"9,1,0\" data-index-in-node=\"0\">Ger\u00e4tetaste<\/b> (Ein 6-stelliger Code) \ud83d\udd11.<\/p><\/li><\/ul><blockquote data-path-to-node=\"10\"><p data-path-to-node=\"10,0\"><b data-path-to-node=\"10,0\" data-index-in-node=\"0\">\ud83d\udcf8 Tipp:<\/b> Machen Sie ein Foto von diesem Bildschirm oder notieren Sie sich diese Zahlen! Sie ben\u00f6tigen sie, um Ihre Wiedergabeliste hochzuladen.<\/p><\/blockquote><hr data-path-to-node=\"11\" \/><h3 data-path-to-node=\"12\">\ud83c\udf10 Schritt 3: Aktivieren Sie Ihre Wiedergabeliste<\/h3><p data-path-to-node=\"13\">Nun m\u00fcssen Sie Ihr IPTV-Abonnement mit der App verkn\u00fcpfen:<\/p><ol start=\"1\" data-path-to-node=\"14\"><li><p data-path-to-node=\"14,0,0\">Rufen Sie die IBO Player-Aktivierungswebsite auf einem beliebigen Ger\u00e4t auf: <b data-path-to-node=\"14,0,0\" data-index-in-node=\"55\"><a class=\"ng-star-inserted\" href=\"https:\/\/www.google.com\/search?q=https:\/\/iboplayer.com\/manage\" target=\"_blank\" rel=\"noopener\" data-hveid=\"0\" data-ved=\"0CAAQ_4QMahgKEwjwscr5tLOTAxUAAAAAHQAAAAAQrgE\">https:\/\/iboplayer.com\/manage<\/a><\/b> \ud83d\udcbb<\/p><\/li><li><p data-path-to-node=\"14,1,0\">Geben Sie Ihr <b data-path-to-node=\"14,1,0\" data-index-in-node=\"11\">Ger\u00e4te-ID<\/b> und <b data-path-to-node=\"14,1,0\" data-index-in-node=\"25\">Ger\u00e4tetaste<\/b>.<\/p><\/li><li><p data-path-to-node=\"14,2,0\">Klicken Sie auf <b data-path-to-node=\"14,2,0\" data-index-in-node=\"9\">\u201cWiedergabeliste hinzuf\u00fcgen\u201d<\/b>. \u2795<\/p><\/li><li><p data-path-to-node=\"14,3,0\">Geben Sie Ihr <b data-path-to-node=\"14,3,0\" data-index-in-node=\"11\">M3U-URL<\/b> oder <b data-path-to-node=\"14,3,0\" data-index-in-node=\"22\">Xtream-Codes<\/b> von uns zur Verf\u00fcgung gestellt.<\/p><\/li><li><p data-path-to-node=\"14,4,0\">Klicken Sie auf <b data-path-to-node=\"14,4,0\" data-index-in-node=\"6\">Speichern Sie<\/b>. \ud83d\udcbe<\/p><\/li><\/ol><hr data-path-to-node=\"15\" \/><h3 data-path-to-node=\"16\">\u2728 Schritt 4: Beginnen Sie zu beobachten!<\/h3><ol start=\"1\" data-path-to-node=\"17\"><li><p data-path-to-node=\"17,0,0\">Gehen Sie zur\u00fcck zur IBO Player-App auf Ihrem Android-Ger\u00e4t. \ud83d\udcfa<\/p><\/li><li><p data-path-to-node=\"17,1,0\">Klicken Sie auf <b data-path-to-node=\"17,1,0\" data-index-in-node=\"6\">Aktualisieren<\/b> oder starten Sie die Anwendung neu. \ud83d\udd04<\/p><\/li><li><p data-path-to-node=\"17,2,0\">Ihre Kan\u00e4le, Filme und Serien werden automatisch angezeigt. Viel Spa\u00df! \ud83c\udf7f\ud83c\udfac<\/p><\/li><\/ol><hr data-path-to-node=\"18\" \/><p data-path-to-node=\"19\"><b data-path-to-node=\"19\" data-index-in-node=\"0\">Wichtiger Hinweis:<\/b> IBO Player bietet in der Regel eine <b data-path-to-node=\"19\" data-index-in-node=\"44\">7 Tage kostenlos testen<\/b>. Danach m\u00fcssen Sie die App gegen eine geringe einmalige Geb\u00fchr auf ihrer Website aktivieren, um sie dauerhaft nutzen zu k\u00f6nnen. \ud83d\udca1<\/p>\t\t\t\t\t\t\t\t<\/div>\n\t\t\t\t\t<\/div>\n\t\t\t\t<\/div>\n\t\t<div class=\"elementor-element elementor-element-c551f30 e-flex e-con-boxed e-con e-parent\" data-id=\"c551f30\" data-element_type=\"container\" data-e-type=\"container\">\n\t\t\t\t\t<div class=\"e-con-inner\">\n\t\t\t\t<div class=\"elementor-element elementor-element-4c4b9e3 elementor-widget elementor-widget-text-editor\" data-id=\"4c4b9e3\" data-element_type=\"widget\" data-e-type=\"widget\" data-widget_type=\"text-editor.default\">\n\t\t\t\t\t\t\t\t\t<h1><strong><a href=\"https:\/\/wa.me\/447307725244\">HIER KLICKEN<\/a>\u00a0WENN SIE HILFE BRAUCHEN!<\/strong><\/h1>\t\t\t\t\t\t\t\t<\/div>\n\t\t\t\t\t<\/div>\n\t\t\t\t<\/div>\n\t\t\t\t<\/div>","protected":false},"excerpt":{"rendered":"<p>\ud83d\udcf1 How to Install IBO Player on Android Devices IBO Player is one of the best and most user-friendly apps [&hellip;]<\/p>\n","protected":false},"author":1,"featured_media":0,"parent":0,"menu_order":0,"comment_status":"closed","ping_status":"closed","template":"","meta":{"site-sidebar-layout":"no-sidebar","site-content-layout":"","ast-site-content-layout":"full-width-container","site-content-style":"default","site-sidebar-style":"default","ast-global-header-display":"","ast-banner-title-visibility":"","ast-main-header-display":"","ast-hfb-above-header-display":"","ast-hfb-below-header-display":"","ast-hfb-mobile-header-display":"","site-post-title":"disabled","ast-breadcrumbs-content":"","ast-featured-img":"disabled","footer-sml-layout":"","ast-disable-related-posts":"","theme-transparent-header-meta":"","adv-header-id-meta":"","stick-header-meta":"","header-above-stick-meta":"","header-main-stick-meta":"","header-below-stick-meta":"","astra-migrate-meta-layouts":"default","ast-page-background-enabled":"default","ast-page-background-meta":{"desktop":{"background-color":"var(--ast-global-color-5)","background-image":"","background-repeat":"repeat","background-position":"center center","background-size":"auto","background-attachment":"scroll","background-type":"","background-media":"","overlay-type":"","overlay-color":"","overlay-opacity":"","overlay-gradient":""},"tablet":{"background-color":"","background-image":"","background-repeat":"repeat","background-position":"center center","background-size":"auto","background-attachment":"scroll","background-type":"","background-media":"","overlay-type":"","overlay-color":"","overlay-opacity":"","overlay-gradient":""},"mobile":{"background-color":"","background-image":"","background-repeat":"repeat","background-position":"center center","background-size":"auto","background-attachment":"scroll","background-type":"","background-media":"","overlay-type":"","overlay-color":"","overlay-opacity":"","overlay-gradient":""}},"ast-content-background-meta":{"desktop":{"background-color":"var(--ast-global-color-4)","background-image":"","background-repeat":"repeat","background-position":"center center","background-size":"auto","background-attachment":"scroll","background-type":"","background-media":"","overlay-type":"","overlay-color":"","overlay-opacity":"","overlay-gradient":""},"tablet":{"background-color":"var(--ast-global-color-4)","background-image":"","background-repeat":"repeat","background-position":"center center","background-size":"auto","background-attachment":"scroll","background-type":"","background-media":"","overlay-type":"","overlay-color":"","overlay-opacity":"","overlay-gradient":""},"mobile":{"background-color":"var(--ast-global-color-4)","background-image":"","background-repeat":"repeat","background-position":"center center","background-size":"auto","background-attachment":"scroll","background-type":"","background-media":"","overlay-type":"","overlay-color":"","overlay-opacity":"","overlay-gradient":""}},"footnotes":""},"class_list":["post-1402","page","type-page","status-publish","hentry"],"jetpack_sharing_enabled":true,"_links":{"self":[{"href":"https:\/\/dgtl-planet.com\/de\/wp-json\/wp\/v2\/pages\/1402","targetHints":{"allow":["GET"]}}],"collection":[{"href":"https:\/\/dgtl-planet.com\/de\/wp-json\/wp\/v2\/pages"}],"about":[{"href":"https:\/\/dgtl-planet.com\/de\/wp-json\/wp\/v2\/types\/page"}],"author":[{"embeddable":true,"href":"https:\/\/dgtl-planet.com\/de\/wp-json\/wp\/v2\/users\/1"}],"replies":[{"embeddable":true,"href":"https:\/\/dgtl-planet.com\/de\/wp-json\/wp\/v2\/comments?post=1402"}],"version-history":[{"count":4,"href":"https:\/\/dgtl-planet.com\/de\/wp-json\/wp\/v2\/pages\/1402\/revisions"}],"predecessor-version":[{"id":1406,"href":"https:\/\/dgtl-planet.com\/de\/wp-json\/wp\/v2\/pages\/1402\/revisions\/1406"}],"wp:attachment":[{"href":"https:\/\/dgtl-planet.com\/de\/wp-json\/wp\/v2\/media?parent=1402"}],"curies":[{"name":"wp","href":"https:\/\/api.w.org\/{rel}","templated":true}]}}